{"id":2,"date":"2024-08-07T14:42:11","date_gmt":"2024-08-07T12:42:11","guid":{"rendered":"https:\/\/shop.anninku.com\/?page_id=2"},"modified":"2024-08-11T14:05:57","modified_gmt":"2024-08-11T12:05:57","slug":"page-d-exemple","status":"publish","type":"page","link":"https:\/\/senbazuru.anninku.com\/en\/","title":{"rendered":"Senbazuru"},"content":{"rendered":"<div class=\"wp-block-columns is-layout-flex wp-container-core-columns-is-layout-28f84493 wp-block-columns-is-layout-flex\">\n<div class=\"wp-block-column is-layout-flow wp-block-column-is-layout-flow\">\n<h2 class=\"wp-block-heading\" style=\"margin-top:var(--wp--preset--spacing--40)\">The legend<\/h2>\n\n\n\n<p>The legend of the thousand cranes (\u5343\u7fbd\u9db4 \u305b\u3093\u3070\u3065\u308b senbazuru) is a legend originating from Japan which tells that if someone folds a thousand paper cranes in the year, held together by a string, he will be able to see his wish for health, longevity, love or happiness fulfilled.<\/p>\n\n\n\n<p><strong><em>But how to achieve such a goal?<\/em><\/strong><\/p>\n<\/div>\n\n\n\n<div class=\"wp-block-column is-layout-flow wp-block-column-is-layout-flow\"><div class=\"wp-block-image\">\n<figure class=\"aligncenter size-large\"><img loading=\"lazy\" decoding=\"async\" width=\"1024\" height=\"709\" src=\"https:\/\/senbazuru.anninku.com\/wp-content\/uploads\/2024\/08\/pinky_crane-1024x709.jpg\" alt=\"\" class=\"wp-image-256\" srcset=\"https:\/\/senbazuru.anninku.com\/wp-content\/uploads\/2024\/08\/pinky_crane-1024x709.jpg 1024w, https:\/\/senbazuru.anninku.com\/wp-content\/uploads\/2024\/08\/pinky_crane-300x208.jpg 300w, https:\/\/senbazuru.anninku.com\/wp-content\/uploads\/2024\/08\/pinky_crane-768x532.jpg 768w, https:\/\/senbazuru.anninku.com\/wp-content\/uploads\/2024\/08\/pinky_crane-1536x1063.jpg 1536w, https:\/\/senbazuru.anninku.com\/wp-content\/uploads\/2024\/08\/pinky_crane-2048x1417.jpg 2048w, https:\/\/senbazuru.anninku.com\/wp-content\/uploads\/2024\/08\/pinky_crane-18x12.jpg 18w, https:\/\/senbazuru.anninku.com\/wp-content\/uploads\/2024\/08\/pinky_crane-416x288.jpg 416w\" sizes=\"auto, (max-width: 1024px) 100vw, 1024px\" \/><\/figure>\n<\/div><\/div>\n<\/div>\n\n\n\n<blockquote class=\"wp-block-quote is-layout-flow wp-block-quote-is-layout-flow\">\n<p>One crane after another. After all, over a year, you only need to fold 3 per day!<\/p>\n<\/blockquote>\n\n\n\n<p>It is sometimes difficult to motivate yourself on such a challenge, but fortunately this tracker<strong> <\/strong>is here to help you <strong>complete the challenge.<\/strong>.<\/p>\n\n\n\n<div class=\"wp-block-columns is-layout-flex wp-container-core-columns-is-layout-28f84493 wp-block-columns-is-layout-flex\">\n<div class=\"wp-block-column is-layout-flow wp-block-column-is-layout-flow\">\n<div class=\"wp-block-buttons is-content-justification-center is-layout-flex wp-container-core-buttons-is-layout-a89b3969 wp-block-buttons-is-layout-flex\">\n<div class=\"wp-block-button\"><a class=\"wp-block-button__link wp-element-button\" href=\"https:\/\/senbazuru.anninku.com\/en\/mon-compte\/\">Free registration!<\/a><\/div>\n<\/div>\n<\/div>\n<\/div>\n\n\n\n<div class=\"wp-block-columns is-layout-flex wp-container-core-columns-is-layout-28f84493 wp-block-columns-is-layout-flex\">\n<div class=\"wp-block-column is-layout-flow wp-block-column-is-layout-flow\"><div class=\"wp-block-image\">\n<figure class=\"aligncenter size-medium is-resized\"><img loading=\"lazy\" decoding=\"async\" width=\"300\" height=\"300\" src=\"https:\/\/senbazuru.anninku.com\/wp-content\/uploads\/2024\/08\/phone_mockup_small-300x300.jpg\" alt=\"\" class=\"wp-image-250\" style=\"width:300px;height:auto\" srcset=\"https:\/\/senbazuru.anninku.com\/wp-content\/uploads\/2024\/08\/phone_mockup_small-300x300.jpg 300w, https:\/\/senbazuru.anninku.com\/wp-content\/uploads\/2024\/08\/phone_mockup_small-150x150.jpg 150w, https:\/\/senbazuru.anninku.com\/wp-content\/uploads\/2024\/08\/phone_mockup_small-768x768.jpg 768w, https:\/\/senbazuru.anninku.com\/wp-content\/uploads\/2024\/08\/phone_mockup_small-12x12.jpg 12w, https:\/\/senbazuru.anninku.com\/wp-content\/uploads\/2024\/08\/phone_mockup_small-324x324.jpg 324w, https:\/\/senbazuru.anninku.com\/wp-content\/uploads\/2024\/08\/phone_mockup_small-416x416.jpg 416w, https:\/\/senbazuru.anninku.com\/wp-content\/uploads\/2024\/08\/phone_mockup_small-100x100.jpg 100w, https:\/\/senbazuru.anninku.com\/wp-content\/uploads\/2024\/08\/phone_mockup_small.jpg 931w\" sizes=\"auto, (max-width: 300px) 100vw, 300px\" \/><\/figure>\n<\/div><\/div>\n\n\n\n<div class=\"wp-block-column is-layout-flow wp-block-column-is-layout-flow\">\n<h2 class=\"wp-block-heading\">Customize your own goal<\/h2>\n\n\n\n<p class=\" translation-block\">If you want to take more time, or on the contrary less, the <strong>end date<\/strong> can be configured. And you have already started the challenge and you have a few hundred cranes waiting for their friends, you can set a <strong>custom quantity<\/strong> for your objective<\/p>\n\n\n\n<blockquote class=\"wp-block-quote is-layout-flow wp-block-quote-is-layout-flow\">\n<p>Sign up today, it\u2019s 100% free!<\/p>\n<\/blockquote>\n<\/div>\n<\/div>\n\n\n\n<div class=\"wp-block-columns is-layout-flex wp-container-core-columns-is-layout-28f84493 wp-block-columns-is-layout-flex\">\n<div class=\"wp-block-column is-layout-flow wp-block-column-is-layout-flow\">\n<h2 class=\"wp-block-heading\">Symbol of peace<\/h2>\n\n\n\n<p class=\" translation-block\"><em>Sadako Sasaki<\/em>, a young survivor of the atomic bombing of the city of <em>Hiroshima<\/em>, developed leukemia a few years later. She tried to fold a thousand origami cranes in order to make her wish for healing come true. Unfortunately, it only completed 644 cranes. Her classmates completed his work and his story transformed the paper crane into a <strong>symbol of peace<\/strong>.<\/p>\n\n\n\n<p class=\" translation-block\">She is depicted atop the <strong>Children's Peace Monument<\/strong> in <em>Hiroshima<\/em>, lifting an origami crane into the sky.<\/p>\n<\/div>\n\n\n\n<div class=\"wp-block-column is-layout-flow wp-block-column-is-layout-flow\"><div class=\"wp-block-image\">\n<figure class=\"aligncenter size-medium\"><img loading=\"lazy\" decoding=\"async\" width=\"300\" height=\"291\" src=\"https:\/\/senbazuru.anninku.com\/wp-content\/uploads\/2024\/08\/paper-crane-small-300x291.jpg\" alt=\"\" class=\"wp-image-249\" srcset=\"https:\/\/senbazuru.anninku.com\/wp-content\/uploads\/2024\/08\/paper-crane-small-300x291.jpg 300w, https:\/\/senbazuru.anninku.com\/wp-content\/uploads\/2024\/08\/paper-crane-small-12x12.jpg 12w, https:\/\/senbazuru.anninku.com\/wp-content\/uploads\/2024\/08\/paper-crane-small-416x403.jpg 416w, https:\/\/senbazuru.anninku.com\/wp-content\/uploads\/2024\/08\/paper-crane-small.jpg 450w\" sizes=\"auto, (max-width: 300px) 100vw, 300px\" \/><\/figure>\n<\/div><\/div>\n<\/div>","protected":false},"excerpt":{"rendered":"<p>La l\u00e9gende La l\u00e9gende des mille grues (\u5343\u7fbd\u9db4 \u305b\u3093\u3070\u3065\u308b senbazuru) est une l\u00e9gende originaire du Japon qui raconte que si quelqu&rsquo;un plie mille grues en papier dans l&rsquo;ann\u00e9e, retenues ensemble par un lien, il pourra voir son v\u0153u de sant\u00e9, de long\u00e9vit\u00e9, d&rsquo;amour ou de bonheur exauc\u00e9. Mais comment atteindre un objectif pareil ? Une [&hellip;]<\/p>","protected":false},"author":1,"featured_media":0,"parent":0,"menu_order":0,"comment_status":"closed","ping_status":"open","template":"","meta":{"footnotes":""},"class_list":["post-2","page","type-page","status-publish","hentry"],"_links":{"self":[{"href":"https:\/\/senbazuru.anninku.com\/en\/wp-json\/wp\/v2\/pages\/2","targetHints":{"allow":["GET"]}}],"collection":[{"href":"https:\/\/senbazuru.anninku.com\/en\/wp-json\/wp\/v2\/pages"}],"about":[{"href":"https:\/\/senbazuru.anninku.com\/en\/wp-json\/wp\/v2\/types\/page"}],"author":[{"embeddable":true,"href":"https:\/\/senbazuru.anninku.com\/en\/wp-json\/wp\/v2\/users\/1"}],"replies":[{"embeddable":true,"href":"https:\/\/senbazuru.anninku.com\/en\/wp-json\/wp\/v2\/comments?post=2"}],"version-history":[{"count":24,"href":"https:\/\/senbazuru.anninku.com\/en\/wp-json\/wp\/v2\/pages\/2\/revisions"}],"predecessor-version":[{"id":296,"href":"https:\/\/senbazuru.anninku.com\/en\/wp-json\/wp\/v2\/pages\/2\/revisions\/296"}],"wp:attachment":[{"href":"https:\/\/senbazuru.anninku.com\/en\/wp-json\/wp\/v2\/media?parent=2"}],"curies":[{"name":"wp","href":"https:\/\/api.w.org\/{rel}","templated":true}]}}